{"id":612,"date":"2016-03-07T03:11:04","date_gmt":"2016-03-07T03:11:04","guid":{"rendered":"https:\/\/themegavias.com\/wp\/indutri\/?page_id=612"},"modified":"2026-02-27T10:30:36","modified_gmt":"2026-02-27T10:30:36","slug":"about-page","status":"publish","type":"page","link":"https:\/\/s-bridge.co.ao\/index.php\/about-page\/","title":{"rendered":"Sobre n\u00f3s"},"content":{"rendered":"\t\t<div data-elementor-type=\"wp-post\" data-elementor-id=\"612\" class=\"elementor elementor-612\">\n\t\t\t\t\t\t<section class=\"elementor-section elementor-top-section elementor-element elementor-element-feb0110 elementor-section-boxed elementor-section-height-default elementor-section-height-default\" data-id=\"feb0110\" data-element_type=\"section\" data-e-type=\"section\" data-settings=\"{&quot;background_background&quot;:&quot;classic&quot;}\">\n\t\t\t\t\t\t<div class=\"elementor-container elementor-column-gap-default\">\n\t\t\t\t\t<div class=\"elementor-column elementor-col-50 elementor-top-column elementor-element elementor-element-67f39eb top column-style-top\" data-id=\"67f39eb\" data-element_type=\"column\" data-e-type=\"column\">\n\t\t\t<div class=\"elementor-widget-wrap elementor-element-populated\">\n\t\t\t\t\t\t<div class=\"elementor-element elementor-element-ecd272e elementor-widget elementor-widget-gva-heading-block\" data-id=\"ecd272e\" data-element_type=\"widget\" data-e-type=\"widget\" data-widget_type=\"gva-heading-block.default\">\n\t\t\t\t<div class=\"elementor-widget-container\">\n\t\t\t\t\t<div class=\"gva-element-gva-heading-block gva-element\">   <div class=\"align-left style-1 widget gsc-heading box-align-left\">\r\n      <div class=\"content-inner\">\r\n         \r\n                  \r\n           \r\n         \r\n                     <h2 class=\"title\">\r\n               <span>Quem somos?<\/span>\r\n            <\/h2>\r\n                  \r\n         \r\n      <\/div>\r\n   <\/div>\r\n   <div class=\"clearfix\"><\/div>\r\n<\/div>\t\t\t\t<\/div>\n\t\t\t\t<\/div>\n\t\t\t\t<div class=\"elementor-element elementor-element-a2c0025 elementor-widget elementor-widget-gva-tabs-content\" data-id=\"a2c0025\" data-element_type=\"widget\" data-e-type=\"widget\" data-widget_type=\"gva-tabs-content.default\">\n\t\t\t\t<div class=\"elementor-widget-container\">\n\t\t\t\t\t\t\t<div class=\"gsc-tabs-content\" role=\"tablist\">\n\t\t\t<div class=\"tabs_wrapper\">\n\t\t\t\t\n\t\t\t\t<ul class=\"nav nav_tabs clearfix\">\n\t\t\t\t\t\t\t\t\t\t\t<li class=\"elementor-repeater-item-da4b22c\">\n\t\t\t\t\t\t\t<a class=\"active show\" data-toggle=\"tab\" href=\"#nfem-0\">\n\t\t\t\t\t\t\t\t<span>S-Bridge<\/span>\n\t\t\t\t\t\t\t<\/a>\n\t\t\t\t\t\t<\/li>\n\t\t\t\t\t\t\t\t\t<\/ul>\n\t\t\t\t\n\n\t\t\t\t<div class=\"tab-content clearfix\">\n\t\t\t\t\t\t\t\t\t\t\t<div class=\"tab-pane fade in active show\" role=\"tabpanel\" id=\"nfem-0\">\n\t\t\t\t\t\t\t\t\t\t\t\t\t\t<div class=\"tab-content-item no_image\">\n\t\t\t\t\t\t\t\t<p>A S-bridge Services \u00e9 uma empresa angolana que actua nos sectores de Petr\u00f3leo, G\u00e1s e Minas, especializada em servi\u00e7os de procurement. O nosso compromisso \u00e9 oferecer solu\u00e7\u00f5es inovadoras e eficientes, garantindo qualidade, cumprimento de prazos e rigor or\u00e7amental.<br \/>Com uma equipa experiente e dedicada, trabalhamos lado a lado com os nossos clientes para transformar desafios em oportunidades e construir parcerias s\u00f3lidas e duradouras. Mais do que fornecer produtos e servi\u00e7os, criamos valor e impulsionamos o desenvolvimento da ind\u00fastria angolana.<\/p>\t\t\t\t\t\t\t<\/div>\n\t\t\t\t\t\t<\/div>\n\t\t\t\t\t\n\t\t\t\t\t\t\t\t\t<\/div>\n\t\t\t<\/div>\t\n\t\t<\/div>\n\n\t\t\t\t\t\t<\/div>\n\t\t\t\t<\/div>\n\t\t\t\t\t<\/div>\n\t\t<\/div>\n\t\t\t\t<div class=\"elementor-column elementor-col-50 elementor-top-column elementor-element elementor-element-3f00483 column-style-bg-overflow-right col-bg-bottom-theme top\" data-id=\"3f00483\" data-element_type=\"column\" data-e-type=\"column\" data-settings=\"{&quot;background_background&quot;:&quot;classic&quot;}\">\n\t\t\t<div class=\"elementor-widget-wrap elementor-element-populated\">\n\t\t\t\t\t\t<div class=\"elementor-element elementor-element-ba9bc01 elementor-position-inline-start keep-icon-box-left elementor-view-default elementor-mobile-position-block-start elementor-widget elementor-widget-icon-box\" data-id=\"ba9bc01\" data-element_type=\"widget\" data-e-type=\"widget\" data-widget_type=\"icon-box.default\">\n\t\t\t\t\t\t\t<div class=\"elementor-icon-box-wrapper\">\n\n\t\t\t\t\t\t<div class=\"elementor-icon-box-icon\">\n\t\t\t\t<span  class=\"elementor-icon\">\n\t\t\t\t<i aria-hidden=\"true\" class=\"fi flaticon-factory\"><\/i>\t\t\t\t<\/span>\n\t\t\t<\/div>\n\t\t\t\n\t\t\t\t\t\t<div class=\"elementor-icon-box-content\">\n\n\t\t\t\t\t\t\t\t\t<h4 class=\"elementor-icon-box-title\">\n\t\t\t\t\t\t<span  >\n\t\t\t\t\t\t\tSomos o parceiro estrat\u00e9gico que o seu neg\u00f3cio precisa.\t\t\t\t\t\t<\/span>\n\t\t\t\t\t<\/h4>\n\t\t\t\t\n\t\t\t\t\n\t\t\t<\/div>\n\t\t\t\n\t\t<\/div>\n\t\t\t\t\t\t<\/div>\n\t\t\t\t\t<\/div>\n\t\t<\/div>\n\t\t\t\t\t<\/div>\n\t\t<\/section>\n\t\t\t\t<section class=\"elementor-section elementor-top-section elementor-element elementor-element-7466f49 elementor-section-boxed elementor-section-height-default elementor-section-height-default\" data-id=\"7466f49\" data-element_type=\"section\" data-e-type=\"section\" data-settings=\"{&quot;background_background&quot;:&quot;classic&quot;}\">\n\t\t\t\t\t\t<div class=\"elementor-container elementor-column-gap-default\">\n\t\t\t\t\t<div class=\"elementor-column elementor-col-100 elementor-top-column elementor-element elementor-element-9bcc4f9 top column-style-top\" data-id=\"9bcc4f9\" data-element_type=\"column\" data-e-type=\"column\">\n\t\t\t<div class=\"elementor-widget-wrap elementor-element-populated\">\n\t\t\t\t\t\t<div class=\"elementor-element elementor-element-2797248 elementor-widget elementor-widget-gva-heading-block\" data-id=\"2797248\" data-element_type=\"widget\" data-e-type=\"widget\" data-widget_type=\"gva-heading-block.default\">\n\t\t\t\t<div class=\"elementor-widget-container\">\n\t\t\t\t\t<div class=\"gva-element-gva-heading-block gva-element\">   <div class=\"align-left style-1 widget gsc-heading box-align-left\">\r\n      <div class=\"content-inner\">\r\n         \r\n                  \r\n           \r\n         \r\n                     <h2 class=\"title\">\r\n               <span>Estamos comprometidos em ajudar os clientes.\n<\/span>\r\n            <\/h2>\r\n                  \r\n         \r\n      <\/div>\r\n   <\/div>\r\n   <div class=\"clearfix\"><\/div>\r\n<\/div>\t\t\t\t<\/div>\n\t\t\t\t<\/div>\n\t\t\t\t<div class=\"elementor-element elementor-element-89ddd86 elementor-widget elementor-widget-gva-tabs-content\" data-id=\"89ddd86\" data-element_type=\"widget\" data-e-type=\"widget\" data-widget_type=\"gva-tabs-content.default\">\n\t\t\t\t<div class=\"elementor-widget-container\">\n\t\t\t\t\t\t\t<div class=\"gsc-tabs-content\" role=\"tablist\">\n\t\t\t<div class=\"tabs_wrapper\">\n\t\t\t\t\n\t\t\t\t<ul class=\"nav nav_tabs clearfix\">\n\t\t\t\t\t\t\t\t\t\t\t<li class=\"elementor-repeater-item-da4b22c\">\n\t\t\t\t\t\t\t<a class=\"active show\" data-toggle=\"tab\" href=\"#r3v0-0\">\n\t\t\t\t\t\t\t\t<span>Nossa Miss\u00e3o<\/span>\n\t\t\t\t\t\t\t<\/a>\n\t\t\t\t\t\t<\/li>\n\t\t\t\t\t\t\t\t\t\t\t<li class=\"elementor-repeater-item-2966897\">\n\t\t\t\t\t\t\t<a class=\"\" data-toggle=\"tab\" href=\"#r3v0-1\">\n\t\t\t\t\t\t\t\t<span>Nossa Vis\u00e3o<\/span>\n\t\t\t\t\t\t\t<\/a>\n\t\t\t\t\t\t<\/li>\n\t\t\t\t\t\t\t\t\t\t\t<li class=\"elementor-repeater-item-b75ad68\">\n\t\t\t\t\t\t\t<a class=\"\" data-toggle=\"tab\" href=\"#r3v0-2\">\n\t\t\t\t\t\t\t\t<span>Nossos Valores<\/span>\n\t\t\t\t\t\t\t<\/a>\n\t\t\t\t\t\t<\/li>\n\t\t\t\t\t\t\t\t\t<\/ul>\n\t\t\t\t\n\n\t\t\t\t<div class=\"tab-content clearfix\">\n\t\t\t\t\t\t\t\t\t\t\t<div class=\"tab-pane fade in active show\" role=\"tabpanel\" id=\"r3v0-0\">\n\t\t\t\t\t\t\t\t\t\t\t\t\t\t<div class=\"tab-content-item no_image\">\n\t\t\t\t\t\t\t\t<p>Prover solu\u00e7\u00f5es de procurement eficientes, seguras e sustent\u00e1veis para a ind\u00fastria de Oil &amp; Gas, assegurando o aprovisionamento de bens e servi\u00e7os de elevada qualidade, a optimiza\u00e7\u00e3o de custos e a mitiga\u00e7\u00e3o de riscos operacionais, sempre em conformidade com as normas globais e locais.<\/p>\t\t\t\t\t\t\t<\/div>\n\t\t\t\t\t\t<\/div>\n\t\t\t\t\t\n\t\t\t\t\t\t\t\t\t\t\t<div class=\"tab-pane fade in \" role=\"tabpanel\" id=\"r3v0-1\">\n\t\t\t\t\t\t\t\t\t\t\t\t\t\t<div class=\"tab-content-item no_image\">\n\t\t\t\t\t\t\t\t<p>Ser o parceiro estrat\u00e9gico de refer\u00eancia na cadeia de fornecimento do sector de Oil &amp; Gas, reconhecido pela excel\u00eancia operacional, inova\u00e7\u00e3o tecnol\u00f3gica e compromisso firme com a seguran\u00e7a e a responsabilidade ambiental.<\/p>\t\t\t\t\t\t\t<\/div>\n\t\t\t\t\t\t<\/div>\n\t\t\t\t\t\n\t\t\t\t\t\t\t\t\t\t\t<div class=\"tab-pane fade in \" role=\"tabpanel\" id=\"r3v0-2\">\n\t\t\t\t\t\t\t\t\t\t\t\t\t\t<div class=\"tab-content-item no_image\">\n\t\t\t\t\t\t\t\t<p>A S-bridge Services baseia-se em valores essenciais ao sector de Oil &amp; Gas, com foco em Seguran\u00e7a, Integridade, Conformidade, Efici\u00eancia, Qualidade, Sustentabilidade e Parceria.<\/p>\t\t\t\t\t\t\t<\/div>\n\t\t\t\t\t\t<\/div>\n\t\t\t\t\t\n\t\t\t\t\t\t\t\t\t<\/div>\n\t\t\t<\/div>\t\n\t\t<\/div>\n\n\t\t\t\t\t\t<\/div>\n\t\t\t\t<\/div>\n\t\t\t\t<section class=\"elementor-section elementor-inner-section elementor-element elementor-element-f449bcb elementor-section-boxed elementor-section-height-default elementor-section-height-default\" data-id=\"f449bcb\" data-element_type=\"section\" data-e-type=\"section\">\n\t\t\t\t\t\t<div class=\"elementor-container elementor-column-gap-default\">\n\t\t\t\t\t<div class=\"elementor-column elementor-col-50 elementor-inner-column elementor-element elementor-element-a4e71db top column-style-top\" data-id=\"a4e71db\" data-element_type=\"column\" data-e-type=\"column\">\n\t\t\t<div class=\"elementor-widget-wrap elementor-element-populated\">\n\t\t\t\t\t\t<div class=\"elementor-element elementor-element-440ee42 elementor-widget elementor-widget-gva-counter\" data-id=\"440ee42\" data-element_type=\"widget\" data-e-type=\"widget\" data-widget_type=\"gva-counter.default\">\n\t\t\t\t<div class=\"elementor-widget-container\">\n\t\t\t\t\t<div class=\"gva-element-gva-counter gva-element\">\r\n         <div class=\"widget milestone-block style-2\">\r\n         <div class=\"box-content\">\r\n            \r\n            <div class=\"milestone-content\">\r\n               <div class=\"milestone-number-inner\">\r\n                                    <span class=\"milestone-number\">2500<\/span>\r\n                                 <\/div>\r\n                                 <div class=\"milestone-text\">\r\n                      Produtos                  <\/div>\r\n                           <\/div>\r\n         <\/div>   \r\n      <\/div> \r\n   \r\n<\/div>\t\t\t\t<\/div>\n\t\t\t\t<\/div>\n\t\t\t\t\t<\/div>\n\t\t<\/div>\n\t\t\t\t<div class=\"elementor-column elementor-col-50 elementor-inner-column elementor-element elementor-element-f4e8c02 top column-style-top\" data-id=\"f4e8c02\" data-element_type=\"column\" data-e-type=\"column\">\n\t\t\t<div class=\"elementor-widget-wrap elementor-element-populated\">\n\t\t\t\t\t\t<div class=\"elementor-element elementor-element-3ed1d31 elementor-widget__width-initial elementor-widget elementor-widget-image\" data-id=\"3ed1d31\" data-element_type=\"widget\" data-e-type=\"widget\" data-widget_type=\"image.default\">\n\t\t\t\t\t\t\t\t\t\t\t\t\t\t\t<img fetchpriority=\"high\" decoding=\"async\" width=\"1509\" height=\"1396\" src=\"https:\/\/s-bridge.co.ao\/wp-content\/uploads\/2026\/02\/Produtos-SBgr.jpg\" class=\"attachment-full size-full wp-image-11334\" alt=\"\" \/>\t\t\t\t\t\t\t\t\t\t\t\t\t\t\t<\/div>\n\t\t\t\t\t<\/div>\n\t\t<\/div>\n\t\t\t\t\t<\/div>\n\t\t<\/section>\n\t\t\t\t\t<\/div>\n\t\t<\/div>\n\t\t\t\t\t<\/div>\n\t\t<\/section>\n\t\t\t\t<section class=\"elementor-section elementor-top-section elementor-element elementor-element-846e565 elementor-section-boxed elementor-section-height-default elementor-section-height-default\" data-id=\"846e565\" data-element_type=\"section\" data-e-type=\"section\" data-settings=\"{&quot;background_background&quot;:&quot;classic&quot;}\">\n\t\t\t\t\t\t<div class=\"elementor-container elementor-column-gap-default\">\n\t\t\t\t\t<div class=\"elementor-column elementor-col-100 elementor-top-column elementor-element elementor-element-323cfd9 top column-style-top\" data-id=\"323cfd9\" data-element_type=\"column\" data-e-type=\"column\">\n\t\t\t<div class=\"elementor-widget-wrap elementor-element-populated\">\n\t\t\t\t\t\t<div class=\"elementor-element elementor-element-8650d46 elementor-widget elementor-widget-gva-heading-block\" data-id=\"8650d46\" data-element_type=\"widget\" data-e-type=\"widget\" data-widget_type=\"gva-heading-block.default\">\n\t\t\t\t<div class=\"elementor-widget-container\">\n\t\t\t\t\t<div class=\"gva-element-gva-heading-block gva-element\">   <div class=\"align-center style-1 widget gsc-heading box-align-left\">\r\n      <div class=\"content-inner\">\r\n         \r\n                  \r\n           \r\n         \r\n                     <h2 class=\"title\">\r\n               <span>Hist\u00f3rico da Empresa<\/span>\r\n            <\/h2>\r\n                  \r\n         \r\n      <\/div>\r\n   <\/div>\r\n   <div class=\"clearfix\"><\/div>\r\n<\/div>\t\t\t\t<\/div>\n\t\t\t\t<\/div>\n\t\t\t\t\t<\/div>\n\t\t<\/div>\n\t\t\t\t\t<\/div>\n\t\t<\/section>\n\t\t\t\t<section class=\"elementor-section elementor-top-section elementor-element elementor-element-67dc983 elementor-section-boxed elementor-section-height-default elementor-section-height-default\" data-id=\"67dc983\" data-element_type=\"section\" data-e-type=\"section\" data-settings=\"{&quot;background_background&quot;:&quot;classic&quot;}\">\n\t\t\t\t\t\t<div class=\"elementor-container elementor-column-gap-default\">\n\t\t\t\t\t<div class=\"elementor-column elementor-col-100 elementor-top-column elementor-element elementor-element-626c6b1 top column-style-top\" data-id=\"626c6b1\" data-element_type=\"column\" data-e-type=\"column\">\n\t\t\t<div class=\"elementor-widget-wrap elementor-element-populated\">\n\t\t\t\t\t\t<div class=\"elementor-element elementor-element-537f98a elementor-widget elementor-widget-gva-heading-block\" data-id=\"537f98a\" data-element_type=\"widget\" data-e-type=\"widget\" data-widget_type=\"gva-heading-block.default\">\n\t\t\t\t<div class=\"elementor-widget-container\">\n\t\t\t\t\t<div class=\"gva-element-gva-heading-block gva-element\">   <div class=\"align-center style-1 widget gsc-heading box-align-center\">\r\n      <div class=\"content-inner\">\r\n         \r\n                  \r\n           \r\n         \r\n                     <h2 class=\"title\">\r\n               <span>Transformando Desafios em Oportunidades no Sector de Oil & Gas<\/span>\r\n            <\/h2>\r\n                  \r\n         \r\n      <\/div>\r\n   <\/div>\r\n   <div class=\"clearfix\"><\/div>\r\n<\/div>\t\t\t\t<\/div>\n\t\t\t\t<\/div>\n\t\t\t\t<div class=\"elementor-element elementor-element-e30701a elementor-widget elementor-widget-gva-tabs-content\" data-id=\"e30701a\" data-element_type=\"widget\" data-e-type=\"widget\" data-widget_type=\"gva-tabs-content.default\">\n\t\t\t\t<div class=\"elementor-widget-container\">\n\t\t\t\t\t\t\t<div class=\"gsc-tabs-content\" role=\"tablist\">\n\t\t\t<div class=\"tabs_wrapper\">\n\t\t\t\t\n\t\t\t\t<ul class=\"nav nav_tabs clearfix\">\n\t\t\t\t\t\t\t\t\t\t\t<li class=\"elementor-repeater-item-da4b22c\">\n\t\t\t\t\t\t\t<a class=\"active show\" data-toggle=\"tab\" href=\"#6v2a-0\">\n\t\t\t\t\t\t\t\t<span>2020<\/span>\n\t\t\t\t\t\t\t<\/a>\n\t\t\t\t\t\t<\/li>\n\t\t\t\t\t\t\t\t\t<\/ul>\n\t\t\t\t\n\n\t\t\t\t<div class=\"tab-content clearfix\">\n\t\t\t\t\t\t\t\t\t\t\t<div class=\"tab-pane fade in active show\" role=\"tabpanel\" id=\"6v2a-0\">\n\t\t\t\t\t\t\t\t\t\t\t\t\t\t<div class=\"tab-content-item no_image\">\n\t\t\t\t\t\t\t\t<p>A S-bridge Services nasceu com a vis\u00e3o de ser uma ponte s\u00f3lida entre fornecedores e clientes nos sectores estrat\u00e9gicos de Petr\u00f3leo, G\u00e1s e Minas em Angola. Desde a sua funda\u00e7\u00e3o, a empresa destaca-se pela capacidade de oferecer servi\u00e7os de procurement que combinam inova\u00e7\u00e3o, efici\u00eancia e compromisso com a excel\u00eancia.<\/p><p><br \/>Ao longo dos anos, consolid\u00e1mos a nossa presen\u00e7a no mercado angolano, construindo uma reputa\u00e7\u00e3o assente em integridade, qualidade e confian\u00e7a. Cada projecto realizado reflete o nosso empenho em entregar solu\u00e7\u00f5es que respeitam prazos, or\u00e7amentos e especifica\u00e7\u00f5es, sempre alinhadas \u00e0s necessidades dos nossos parceiros.<\/p><p><br \/>O nosso crescimento \u00e9 resultado de uma equipa experiente e dedicada, que trabalha lado a lado com os clientes para compreender os seus objectivos e transformar desafios em oportunidades. Esta abordagem colaborativa tem garantido parcerias duradouras e sustent\u00e1veis, fortalecendo a posi\u00e7\u00e3o da S-bridge Services como refer\u00eancia no sector.<\/p><p>Hoje, somos reconhecidos como uma empresa que n\u00e3o apenas fornece produtos e servi\u00e7os, mas que cria valor, impulsiona o desenvolvimento e contribui para o progresso da ind\u00fastria angolana. O nosso percurso \u00e9 marcado pela busca constante de excel\u00eancia e pela determina\u00e7\u00e3o em ser um parceiro estrat\u00e9gico para todos os que confiam em n\u00f3s.<\/p>\t\t\t\t\t\t\t<\/div>\n\t\t\t\t\t\t<\/div>\n\t\t\t\t\t\n\t\t\t\t\t\t\t\t\t<\/div>\n\t\t\t<\/div>\t\n\t\t<\/div>\n\n\t\t\t\t\t\t<\/div>\n\t\t\t\t<\/div>\n\t\t\t\t\t<\/div>\n\t\t<\/div>\n\t\t\t\t\t<\/div>\n\t\t<\/section>\n\t\t\t\t<\/div>\n\t\t","protected":false},"excerpt":{"rendered":"<p>Quem somos? S-Bridge A S-bridge Services \u00e9 uma empresa angolana que actua nos sectores de Petr\u00f3leo, G\u00e1s e Minas, especializada em servi\u00e7os de procurement. O nosso compromisso \u00e9 oferecer solu\u00e7\u00f5es inovadoras e eficientes, garantindo qualidade, cumprimento de prazos e rigor or\u00e7amental.Com uma equipa experiente e dedicada, trabalhamos lado a lado com os nossos clientes para [&hellip;]<\/p>\n","protected":false},"author":1,"featured_media":0,"parent":0,"menu_order":0,"comment_status":"closed","ping_status":"closed","template":"","meta":{"footnotes":""},"class_list":["post-612","page","type-page","status-publish","hentry"],"_links":{"self":[{"href":"https:\/\/s-bridge.co.ao\/index.php\/wp-json\/wp\/v2\/pages\/612","targetHints":{"allow":["GET"]}}],"collection":[{"href":"https:\/\/s-bridge.co.ao\/index.php\/wp-json\/wp\/v2\/pages"}],"about":[{"href":"https:\/\/s-bridge.co.ao\/index.php\/wp-json\/wp\/v2\/types\/page"}],"author":[{"embeddable":true,"href":"https:\/\/s-bridge.co.ao\/index.php\/wp-json\/wp\/v2\/users\/1"}],"replies":[{"embeddable":true,"href":"https:\/\/s-bridge.co.ao\/index.php\/wp-json\/wp\/v2\/comments?post=612"}],"version-history":[{"count":0,"href":"https:\/\/s-bridge.co.ao\/index.php\/wp-json\/wp\/v2\/pages\/612\/revisions"}],"wp:attachment":[{"href":"https:\/\/s-bridge.co.ao\/index.php\/wp-json\/wp\/v2\/media?parent=612"}],"curies":[{"name":"wp","href":"https:\/\/api.w.org\/{rel}","templated":true}]}}