{"id":3124,"date":"2018-07-05T01:04:27","date_gmt":"2018-07-05T01:04:27","guid":{"rendered":"https:\/\/themegavias.com\/wp\/indutri\/?page_id=3124"},"modified":"2026-02-25T19:42:56","modified_gmt":"2026-02-25T19:42:56","slug":"services","status":"publish","type":"page","link":"https:\/\/s-bridge.co.ao\/index.php\/services\/","title":{"rendered":"Servi\u00e7os"},"content":{"rendered":"\t\t<div data-elementor-type=\"wp-post\" data-elementor-id=\"3124\" class=\"elementor elementor-3124\">\n\t\t\t\t\t\t<section class=\"elementor-section elementor-top-section elementor-element elementor-element-6bfe548 elementor-section-boxed elementor-section-height-default elementor-section-height-default\" data-id=\"6bfe548\" data-element_type=\"section\" data-e-type=\"section\" data-settings=\"{&quot;background_background&quot;:&quot;classic&quot;}\">\n\t\t\t\t\t\t<div class=\"elementor-container elementor-column-gap-default\">\n\t\t\t\t\t<div class=\"elementor-column elementor-col-50 elementor-top-column elementor-element elementor-element-468c1ad top column-style-top\" data-id=\"468c1ad\" data-element_type=\"column\" data-e-type=\"column\">\n\t\t\t<div class=\"elementor-widget-wrap elementor-element-populated\">\n\t\t\t\t\t\t<div class=\"elementor-element elementor-element-8600895 elementor-widget elementor-widget-gva-heading-block\" data-id=\"8600895\" data-element_type=\"widget\" data-e-type=\"widget\" data-widget_type=\"gva-heading-block.default\">\n\t\t\t\t<div class=\"elementor-widget-container\">\n\t\t\t\t\t<div class=\"gva-element-gva-heading-block gva-element\">   <div class=\"align-left style-1 widget gsc-heading box-align-left\">\r\n      <div class=\"content-inner\">\r\n         \r\n                  \r\n           \r\n         \r\n                     <h2 class=\"title\">\r\n               <span>Procurement<\/span>\r\n            <\/h2>\r\n                  \r\n         \r\n      <\/div>\r\n   <\/div>\r\n   <div class=\"clearfix\"><\/div>\r\n<\/div>\t\t\t\t<\/div>\n\t\t\t\t<\/div>\n\t\t\t\t<div class=\"elementor-element elementor-element-f6410c6 elementor-widget elementor-widget-gva-tabs-content\" data-id=\"f6410c6\" data-element_type=\"widget\" data-e-type=\"widget\" data-widget_type=\"gva-tabs-content.default\">\n\t\t\t\t<div class=\"elementor-widget-container\">\n\t\t\t\t\t\t\t<div class=\"gsc-tabs-content\" role=\"tablist\">\n\t\t\t<div class=\"tabs_wrapper\">\n\t\t\t\t\n\t\t\t\t<ul class=\"nav nav_tabs clearfix\">\n\t\t\t\t\t\t\t\t\t\t\t<li class=\"elementor-repeater-item-da4b22c\">\n\t\t\t\t\t\t\t<a class=\"active show\" data-toggle=\"tab\" href=\"#q80v-0\">\n\t\t\t\t\t\t\t\t<span><\/span>\n\t\t\t\t\t\t\t<\/a>\n\t\t\t\t\t\t<\/li>\n\t\t\t\t\t\t\t\t\t<\/ul>\n\t\t\t\t\n\n\t\t\t\t<div class=\"tab-content clearfix\">\n\t\t\t\t\t\t\t\t\t\t\t<div class=\"tab-pane fade in active show\" role=\"tabpanel\" id=\"q80v-0\">\n\t\t\t\t\t\t\t\t\t\t\t\t\t\t<div class=\"tab-content-item no_image\">\n\t\t\t\t\t\t\t\t<p>Os servi\u00e7os de procurement da S-bridge Services foram estruturados para apoiar opera\u00e7\u00f5es que exigem precis\u00e3o, fiabilidade e controlo rigoroso em ambientes industriais de elevada complexidade.<\/p><p>\u00a0<\/p>\t\t\t\t\t\t\t<\/div>\n\t\t\t\t\t\t<\/div>\n\t\t\t\t\t\n\t\t\t\t\t\t\t\t\t<\/div>\n\t\t\t<\/div>\t\n\t\t<\/div>\n\n\t\t\t\t\t\t<\/div>\n\t\t\t\t<\/div>\n\t\t\t\t\t<\/div>\n\t\t<\/div>\n\t\t\t\t<div class=\"elementor-column elementor-col-50 elementor-top-column elementor-element elementor-element-f56c3b0 column-style-bg-overflow-right col-bg-bottom-theme top\" data-id=\"f56c3b0\" data-element_type=\"column\" data-e-type=\"column\" data-settings=\"{&quot;background_background&quot;:&quot;classic&quot;}\">\n\t\t\t<div class=\"elementor-widget-wrap elementor-element-populated\">\n\t\t\t\t\t\t<div class=\"elementor-element elementor-element-815dfb0 elementor-position-inline-start keep-icon-box-left elementor-view-default elementor-mobile-position-block-start elementor-widget elementor-widget-icon-box\" data-id=\"815dfb0\" data-element_type=\"widget\" data-e-type=\"widget\" data-widget_type=\"icon-box.default\">\n\t\t\t\t\t\t\t<div class=\"elementor-icon-box-wrapper\">\n\n\t\t\t\t\t\t<div class=\"elementor-icon-box-icon\">\n\t\t\t\t<span  class=\"elementor-icon\">\n\t\t\t\t<i aria-hidden=\"true\" class=\"fi flaticon-factory\"><\/i>\t\t\t\t<\/span>\n\t\t\t<\/div>\n\t\t\t\n\t\t\t\t\t\t<div class=\"elementor-icon-box-content\">\n\n\t\t\t\t\t\t\t\t\t<h4 class=\"elementor-icon-box-title\">\n\t\t\t\t\t\t<span  >\n\t\t\t\t\t\t\tSomos a  ponte entre a necessidade e a solu\u00e7\u00e3o \t\t\t\t\t\t<\/span>\n\t\t\t\t\t<\/h4>\n\t\t\t\t\n\t\t\t\t\n\t\t\t<\/div>\n\t\t\t\n\t\t<\/div>\n\t\t\t\t\t\t<\/div>\n\t\t\t\t\t<\/div>\n\t\t<\/div>\n\t\t\t\t\t<\/div>\n\t\t<\/section>\n\t\t\t\t<section class=\"elementor-section elementor-top-section elementor-element elementor-element-eb473e8 elementor-section-boxed elementor-section-height-default elementor-section-height-default\" data-id=\"eb473e8\" data-element_type=\"section\" data-e-type=\"section\" data-settings=\"{&quot;background_background&quot;:&quot;classic&quot;}\">\n\t\t\t\t\t\t<div class=\"elementor-container elementor-column-gap-default\">\n\t\t\t\t\t<div class=\"elementor-column elementor-col-100 elementor-top-column elementor-element elementor-element-2d75ea0 top column-style-top\" data-id=\"2d75ea0\" data-element_type=\"column\" data-e-type=\"column\">\n\t\t\t<div class=\"elementor-widget-wrap elementor-element-populated\">\n\t\t\t\t\t\t<div class=\"elementor-element elementor-element-cd2b981 elementor-widget elementor-widget-gva-heading-block\" data-id=\"cd2b981\" data-element_type=\"widget\" data-e-type=\"widget\" data-widget_type=\"gva-heading-block.default\">\n\t\t\t\t<div class=\"elementor-widget-container\">\n\t\t\t\t\t<div class=\"gva-element-gva-heading-block gva-element\">   <div class=\"align-left style-1 widget gsc-heading box-align-left\">\r\n      <div class=\"content-inner\">\r\n         \r\n                  \r\n           \r\n         \r\n                     <h2 class=\"title\">\r\n               <span>Mais do que servi\u00e7os, criamos valor para a ind\u00fastria angolana.<\/span>\r\n            <\/h2>\r\n                  \r\n         \r\n      <\/div>\r\n   <\/div>\r\n   <div class=\"clearfix\"><\/div>\r\n<\/div>\t\t\t\t<\/div>\n\t\t\t\t<\/div>\n\t\t\t\t<div class=\"elementor-element elementor-element-67737a3 elementor-widget elementor-widget-gva-text-arrow\" data-id=\"67737a3\" data-element_type=\"widget\" data-e-type=\"widget\" data-widget_type=\"gva-text-arrow.default\">\n\t\t\t\t<div class=\"elementor-widget-container\">\n\t\t\t\t\t<div class=\"gva-element-gva-text-arrow gva-element\">\r\n<div class=\"gva-text-arrow style-1\">\r\n   <div class=\"content-inner\">\r\n      <h3 class=\"title\">\r\n                                 <span><\/span>\r\n                <\/h3>\r\n               <div class=\"descrption\">Num mercado em que as decis\u00f5es de aquisi\u00e7\u00e3o impactam directamente os custos operacionais, a continuidade produtiva e o desempenho t\u00e9cnico, actuamos com uma abordagem anal\u00edtica e orientada para a efici\u00eancia. O nosso foco n\u00e3o se limita \u00e0 compra, mas abrange a gest\u00e3o inteligente das aquisi\u00e7\u00f5es.\nA S-bridge Services integra processos, informa\u00e7\u00e3o e estrat\u00e9gia para garantir que cada aquisi\u00e7\u00e3o contribua efectivamente para os resultados do cliente. Avaliamos riscos, analisamos alternativas, identificamos oportunidades de optimiza\u00e7\u00e3o e asseguramos o alinhamento entre necessidades t\u00e9cnicas e decis\u00f5es comerciais.\n<\/div>\r\n         <\/div>   \r\n<\/div>\r\n<\/div>\t\t\t\t<\/div>\n\t\t\t\t<\/div>\n\t\t\t\t<div class=\"elementor-element elementor-element-480105e elementor-widget elementor-widget-gva-text-arrow\" data-id=\"480105e\" data-element_type=\"widget\" data-e-type=\"widget\" data-widget_type=\"gva-text-arrow.default\">\n\t\t\t\t<div class=\"elementor-widget-container\">\n\t\t\t\t\t<div class=\"gva-element-gva-text-arrow gva-element\">\r\n<div class=\"gva-text-arrow style-1\">\r\n   <div class=\"content-inner\">\r\n      <h3 class=\"title\">\r\n                     <i aria-hidden=\"true\" class=\"icon fas fa-chevron-right\"><\/i>            <span>Planeamento e controlo de aquisi\u00e7\u00f5es<\/span>\r\n                <\/h3>\r\n         <\/div>   \r\n<\/div>\r\n<\/div>\t\t\t\t<\/div>\n\t\t\t\t<\/div>\n\t\t\t\t<div class=\"elementor-element elementor-element-0f1a932 elementor-widget elementor-widget-gva-text-arrow\" data-id=\"0f1a932\" data-element_type=\"widget\" data-e-type=\"widget\" data-widget_type=\"gva-text-arrow.default\">\n\t\t\t\t<div class=\"elementor-widget-container\">\n\t\t\t\t\t<div class=\"gva-element-gva-text-arrow gva-element\">\r\n<div class=\"gva-text-arrow style-1\">\r\n   <div class=\"content-inner\">\r\n      <h3 class=\"title\">\r\n                     <i aria-hidden=\"true\" class=\"icon fas fa-chevron-right\"><\/i>            <span>Strategic sourcing e an\u00e1lise de mercado<\/span>\r\n                <\/h3>\r\n         <\/div>   \r\n<\/div>\r\n<\/div>\t\t\t\t<\/div>\n\t\t\t\t<\/div>\n\t\t\t\t<div class=\"elementor-element elementor-element-ea00c27 elementor-widget elementor-widget-gva-text-arrow\" data-id=\"ea00c27\" data-element_type=\"widget\" data-e-type=\"widget\" data-widget_type=\"gva-text-arrow.default\">\n\t\t\t\t<div class=\"elementor-widget-container\">\n\t\t\t\t\t<div class=\"gva-element-gva-text-arrow gva-element\">\r\n<div class=\"gva-text-arrow style-1\">\r\n   <div class=\"content-inner\">\r\n      <h3 class=\"title\">\r\n                     <i aria-hidden=\"true\" class=\"icon fas fa-chevron-right\"><\/i>            <span>Gest\u00e3o de fornecedores e performance<\/span>\r\n                <\/h3>\r\n         <\/div>   \r\n<\/div>\r\n<\/div>\t\t\t\t<\/div>\n\t\t\t\t<\/div>\n\t\t\t\t<div class=\"elementor-element elementor-element-4e32a06 elementor-widget elementor-widget-gva-text-arrow\" data-id=\"4e32a06\" data-element_type=\"widget\" data-e-type=\"widget\" data-widget_type=\"gva-text-arrow.default\">\n\t\t\t\t<div class=\"elementor-widget-container\">\n\t\t\t\t\t<div class=\"gva-element-gva-text-arrow gva-element\">\r\n<div class=\"gva-text-arrow style-1\">\r\n   <div class=\"content-inner\">\r\n      <h3 class=\"title\">\r\n                     <i aria-hidden=\"true\" class=\"icon fas fa-chevron-right\"><\/i>            <span>Redu\u00e7\u00e3o e controlo de custos de compra<\/span>\r\n                <\/h3>\r\n         <\/div>   \r\n<\/div>\r\n<\/div>\t\t\t\t<\/div>\n\t\t\t\t<\/div>\n\t\t\t\t<div class=\"elementor-element elementor-element-a381c2e elementor-widget elementor-widget-gva-text-arrow\" data-id=\"a381c2e\" data-element_type=\"widget\" data-e-type=\"widget\" data-widget_type=\"gva-text-arrow.default\">\n\t\t\t\t<div class=\"elementor-widget-container\">\n\t\t\t\t\t<div class=\"gva-element-gva-text-arrow gva-element\">\r\n<div class=\"gva-text-arrow style-1\">\r\n   <div class=\"content-inner\">\r\n      <h3 class=\"title\">\r\n                     <i aria-hidden=\"true\" class=\"icon fas fa-chevron-right\"><\/i>            <span>Gest\u00e3o de contratos e conformidade<\/span>\r\n                <\/h3>\r\n         <\/div>   \r\n<\/div>\r\n<\/div>\t\t\t\t<\/div>\n\t\t\t\t<\/div>\n\t\t\t\t<div class=\"elementor-element elementor-element-24fe7d1 elementor-widget elementor-widget-gva-text-arrow\" data-id=\"24fe7d1\" data-element_type=\"widget\" data-e-type=\"widget\" data-widget_type=\"gva-text-arrow.default\">\n\t\t\t\t<div class=\"elementor-widget-container\">\n\t\t\t\t\t<div class=\"gva-element-gva-text-arrow gva-element\">\r\n<div class=\"gva-text-arrow style-1\">\r\n   <div class=\"content-inner\">\r\n      <h3 class=\"title\">\r\n                     <i aria-hidden=\"true\" class=\"icon fas fa-chevron-right\"><\/i>            <span>Coordena\u00e7\u00e3o log\u00edstica e cadeia de abastecimento<\/span>\r\n                <\/h3>\r\n         <\/div>   \r\n<\/div>\r\n<\/div>\t\t\t\t<\/div>\n\t\t\t\t<\/div>\n\t\t\t\t\t<\/div>\n\t\t<\/div>\n\t\t\t\t\t<\/div>\n\t\t<\/section>\n\t\t\t\t<section class=\"elementor-section elementor-top-section elementor-element elementor-element-1c672db elementor-hidden-desktop elementor-hidden-tablet elementor-hidden-mobile elementor-section-boxed elementor-section-height-default elementor-section-height-default\" data-id=\"1c672db\" data-element_type=\"section\" data-e-type=\"section\" data-settings=\"{&quot;background_background&quot;:&quot;classic&quot;}\">\n\t\t\t\t\t\t<div class=\"elementor-container elementor-column-gap-default\">\n\t\t\t\t\t<div class=\"elementor-column elementor-col-100 elementor-top-column elementor-element elementor-element-0165fe9 top column-style-top\" data-id=\"0165fe9\" data-element_type=\"column\" data-e-type=\"column\">\n\t\t\t<div class=\"elementor-widget-wrap elementor-element-populated\">\n\t\t\t\t\t\t<div class=\"elementor-element elementor-element-3441c1b elementor-widget elementor-widget-gva-heading-block\" data-id=\"3441c1b\" data-element_type=\"widget\" data-e-type=\"widget\" data-widget_type=\"gva-heading-block.default\">\n\t\t\t\t<div class=\"elementor-widget-container\">\n\t\t\t\t\t<div class=\"gva-element-gva-heading-block gva-element\">   <div class=\"align-center style-1 widget gsc-heading box-align-left\">\r\n      <div class=\"content-inner\">\r\n         \r\n                  \r\n                     <div class=\"clearfix\"><div class=\"sub-title\"><span>Explore Krowd Services<\/span><\/div><\/div>\r\n           \r\n         \r\n                     <h2 class=\"title\">\r\n               <span>Why krowd is best?\u200b<\/span>\r\n            <\/h2>\r\n                  \r\n         \r\n      <\/div>\r\n   <\/div>\r\n   <div class=\"clearfix\"><\/div>\r\n<\/div>\t\t\t\t<\/div>\n\t\t\t\t<\/div>\n\t\t\t\t<div class=\"elementor-element elementor-element-3148cca elementor-widget elementor-widget-gva-services\" data-id=\"3148cca\" data-element_type=\"widget\" data-e-type=\"widget\" data-widget_type=\"gva-services.default\">\n\t\t\t\t<div class=\"elementor-widget-container\">\n\t\t\t\t\t<div class=\"gva-element-gva-services gva-element\"><\/div>\t\t\t\t<\/div>\n\t\t\t\t<\/div>\n\t\t\t\t\t<\/div>\n\t\t<\/div>\n\t\t\t\t\t<\/div>\n\t\t<\/section>\n\t\t\t\t<section class=\"elementor-section elementor-top-section elementor-element elementor-element-21286f2f elementor-section-boxed elementor-section-height-default elementor-section-height-default\" data-id=\"21286f2f\" data-element_type=\"section\" data-e-type=\"section\" data-settings=\"{&quot;background_background&quot;:&quot;classic&quot;}\">\n\t\t\t\t\t\t<div class=\"elementor-container elementor-column-gap-default\">\n\t\t\t\t\t<div class=\"elementor-column elementor-col-100 elementor-top-column elementor-element elementor-element-63d651c top column-style-top\" data-id=\"63d651c\" data-element_type=\"column\" data-e-type=\"column\">\n\t\t\t<div class=\"elementor-widget-wrap\">\n\t\t\t\t\t\t\t<\/div>\n\t\t<\/div>\n\t\t\t\t\t<\/div>\n\t\t<\/section>\n\t\t\t\t<\/div>\n\t\t","protected":false},"excerpt":{"rendered":"<p>Procurement Os servi\u00e7os de procurement da S-bridge Services foram estruturados para apoiar opera\u00e7\u00f5es que exigem precis\u00e3o, fiabilidade e controlo rigoroso em ambientes industriais de elevada complexidade. \u00a0 Somos a ponte entre a necessidade e a solu\u00e7\u00e3o Mais do que servi\u00e7os, criamos valor para a ind\u00fastria angolana. Num mercado em que as decis\u00f5es de aquisi\u00e7\u00e3o impactam [&hellip;]<\/p>\n","protected":false},"author":1,"featured_media":0,"parent":0,"menu_order":0,"comment_status":"closed","ping_status":"closed","template":"","meta":{"footnotes":""},"class_list":["post-3124","page","type-page","status-publish","hentry"],"_links":{"self":[{"href":"https:\/\/s-bridge.co.ao\/index.php\/wp-json\/wp\/v2\/pages\/3124","targetHints":{"allow":["GET"]}}],"collection":[{"href":"https:\/\/s-bridge.co.ao\/index.php\/wp-json\/wp\/v2\/pages"}],"about":[{"href":"https:\/\/s-bridge.co.ao\/index.php\/wp-json\/wp\/v2\/types\/page"}],"author":[{"embeddable":true,"href":"https:\/\/s-bridge.co.ao\/index.php\/wp-json\/wp\/v2\/users\/1"}],"replies":[{"embeddable":true,"href":"https:\/\/s-bridge.co.ao\/index.php\/wp-json\/wp\/v2\/comments?post=3124"}],"version-history":[{"count":0,"href":"https:\/\/s-bridge.co.ao\/index.php\/wp-json\/wp\/v2\/pages\/3124\/revisions"}],"wp:attachment":[{"href":"https:\/\/s-bridge.co.ao\/index.php\/wp-json\/wp\/v2\/media?parent=3124"}],"curies":[{"name":"wp","href":"https:\/\/api.w.org\/{rel}","templated":true}]}}